{"id":251917,"date":"2025-06-28T19:54:05","date_gmt":"2025-06-28T18:54:05","guid":{"rendered":"https:\/\/gomeraliacatering.com\/?page_id=251917"},"modified":"2025-12-23T20:28:44","modified_gmt":"2025-12-23T20:28:44","slug":"home-4","status":"publish","type":"page","link":"https:\/\/gomeraliacatering.com\/","title":{"rendered":"Home"},"content":{"rendered":"<p>[et_pb_section fb_built=\u00bb1&#8243; admin_label=\u00bbHeader\u00bb _builder_version=\u00bb4.27.4&#8243; _module_preset=\u00bb570e5abc-d587-4342-aeb7-5850d2d1469a\u00bb background_image=\u00bbhttps:\/\/gomeraliacatering.com\/wp-content\/uploads\/2025\/06\/PULPO-JA2_8049-2-scaled-e1751137722521.jpg\u00bb background_size=\u00bbinitial\u00bb max_width=\u00bb100%\u00bb custom_padding=\u00bb12vw||12vw||true|false\u00bb collapsed=\u00bbon\u00bb global_colors_info=\u00bb{}\u00bb][\/et_pb_section][et_pb_section fb_built=\u00bb1&#8243; admin_label=\u00bbContact\u00bb _builder_version=\u00bb4.27.4&#8243; _module_preset=\u00bbdefault\u00bb locked=\u00bboff\u00bb collapsed=\u00bbon\u00bb global_colors_info=\u00bb{}\u00bb][et_pb_row column_structure=\u00bb2_3,1_3&#8243; _builder_version=\u00bb4.27.4&#8243; _module_preset=\u00bbdefault\u00bb global_colors_info=\u00bb{}\u00bb][et_pb_column type=\u00bb2_3&#8243; _builder_version=\u00bb4.27.4&#8243; _module_preset=\u00bbdefault\u00bb global_colors_info=\u00bb{}\u00bb][et_pb_heading title=\u00bbHola Hola!\u00bb _builder_version=\u00bb4.27.4&#8243; _module_preset=\u00bbddeb8c09-9078-4424-bc15-2efb6572e28e\u00bb custom_margin=\u00bb||10px||false|false\u00bb global_colors_info=\u00bb{}\u00bb][\/et_pb_heading][et_pb_text _builder_version=\u00bb4.27.4&#8243; _module_preset=\u00bbdefault\u00bb global_colors_info=\u00bb{}\u00bb]<\/p>\n<p>Tienes algo en mente? Cu\u00e9ntanos tu idea, haznos una pregunta o simplemente dinos que tipo de servicio de catering est\u00e1s buscando. Estamos aqu\u00ed para ayudarte a crear algo delicioso!<\/p>\n<p>[\/et_pb_text][et_pb_social_media_follow _builder_version=\u00bb4.27.4&#8243; _module_preset=\u00bb6541ba37-9a96-4386-b0d9-34b645a66f64&#8243; global_colors_info=\u00bb{}\u00bb][et_pb_social_media_follow_network social_network=\u00bbfacebook\u00bb url=\u00bbhttps:\/\/www.facebook.com\/gomeralia\/\u00bb icon_color=\u00bb#FFFFFF\u00bb _builder_version=\u00bb4.27.4&#8243; _module_preset=\u00bba6132625-3d33-4514-b202-05bfc0709dca\u00bb background_color=\u00bb#000000&#8243; global_colors_info=\u00bb{}\u00bb follow_button=\u00bboff\u00bb url_new_window=\u00bbon\u00bb]facebook[\/et_pb_social_media_follow_network][et_pb_social_media_follow_network social_network=\u00bbwhatsapp\u00bb url=\u00bbhttps:\/\/wa.me\/message\/SAU5Q3UYFROKF1&#8243; _builder_version=\u00bb4.27.4&#8243; _module_preset=\u00bba6132625-3d33-4514-b202-05bfc0709dca\u00bb background_color=\u00bb#000000&#8243; global_colors_info=\u00bb{}\u00bb follow_button=\u00bboff\u00bb url_new_window=\u00bbon\u00bb]whatsapp[\/et_pb_social_media_follow_network][et_pb_social_media_follow_network social_network=\u00bbinstagram\u00bb url=\u00bbhttps:\/\/www.instagram.com\/gomeralia\/\u00bb _builder_version=\u00bb4.27.4&#8243; _module_preset=\u00bba6132625-3d33-4514-b202-05bfc0709dca\u00bb background_color=\u00bb#000000&#8243; global_colors_info=\u00bb{}\u00bb follow_button=\u00bboff\u00bb url_new_window=\u00bbon\u00bb]instagram[\/et_pb_social_media_follow_network][\/et_pb_social_media_follow][\/et_pb_column][et_pb_column type=\u00bb1_3&#8243; _builder_version=\u00bb4.27.4&#8243; _module_preset=\u00bbdefault\u00bb global_colors_info=\u00bb{}\u00bb][\/et_pb_column][\/et_pb_row][et_pb_row column_structure=\u00bb2_3,1_3&#8243; _builder_version=\u00bb4.27.4&#8243; _module_preset=\u00bbdefault\u00bb global_colors_info=\u00bb{}\u00bb][et_pb_column type=\u00bb2_3&#8243; _builder_version=\u00bb4.27.4&#8243; _module_preset=\u00bbdefault\u00bb global_colors_info=\u00bb{}\u00bb][et_pb_contact_form email=\u00bbinfo@gomeralia.com\u00bb success_message=\u00bb\u00d1am \u00d1am en breve te haremos llegar algo delicioso!\u00bb _builder_version=\u00bb4.27.4&#8243; _module_preset=\u00bbdefault\u00bb _unique_id=\u00bb37f8cf3c-937a-455a-bc00-dc480cdc2a10&#8243; button_bg_color=\u00bb#000000&#8243; global_colors_info=\u00bb{%22gcid-body-color%22:%91%22form_field_text_color%22%93,%22gcid-2ba1efb6-4031-47e4-a58d-f8150d56f0f2%22:%91%22form_field_background_color%22%93}\u00bb][et_pb_contact_field field_id=\u00bbNombre\u00bb field_title=\u00bbNombre*\u00bb _builder_version=\u00bb4.27.4&#8243; global_colors_info=\u00bb{}\u00bb button_text_size__hover_enabled=\u00bboff\u00bb button_one_text_size__hover_enabled=\u00bboff\u00bb button_two_text_size__hover_enabled=\u00bboff\u00bb button_text_color__hover_enabled=\u00bboff\u00bb button_one_text_color__hover_enabled=\u00bboff\u00bb button_two_text_color__hover_enabled=\u00bboff\u00bb button_border_width__hover_enabled=\u00bboff\u00bb button_one_border_width__hover_enabled=\u00bboff\u00bb button_two_border_width__hover_enabled=\u00bboff\u00bb button_border_color__hover_enabled=\u00bboff\u00bb button_one_border_color__hover_enabled=\u00bboff\u00bb button_two_border_color__hover_enabled=\u00bboff\u00bb button_border_radius__hover_enabled=\u00bboff\u00bb button_one_border_radius__hover_enabled=\u00bboff\u00bb button_two_border_radius__hover_enabled=\u00bboff\u00bb button_letter_spacing__hover_enabled=\u00bboff\u00bb button_one_letter_spacing__hover_enabled=\u00bboff\u00bb button_two_letter_spacing__hover_enabled=\u00bboff\u00bb button_bg_color__hover_enabled=\u00bboff\u00bb button_one_bg_color__hover_enabled=\u00bboff\u00bb button_two_bg_color__hover_enabled=\u00bboff\u00bb][\/et_pb_contact_field][et_pb_contact_field field_id=\u00bbTel\u00e9fono\u00bb field_title=\u00bbTel\u00e9fono de contacto*\u00bb _builder_version=\u00bb4.27.4&#8243; global_colors_info=\u00bb{}\u00bb button_text_size__hover_enabled=\u00bboff\u00bb button_one_text_size__hover_enabled=\u00bboff\u00bb button_two_text_size__hover_enabled=\u00bboff\u00bb button_text_color__hover_enabled=\u00bboff\u00bb button_one_text_color__hover_enabled=\u00bboff\u00bb button_two_text_color__hover_enabled=\u00bboff\u00bb button_border_width__hover_enabled=\u00bboff\u00bb button_one_border_width__hover_enabled=\u00bboff\u00bb button_two_border_width__hover_enabled=\u00bboff\u00bb button_border_color__hover_enabled=\u00bboff\u00bb button_one_border_color__hover_enabled=\u00bboff\u00bb button_two_border_color__hover_enabled=\u00bboff\u00bb button_border_radius__hover_enabled=\u00bboff\u00bb button_one_border_radius__hover_enabled=\u00bboff\u00bb button_two_border_radius__hover_enabled=\u00bboff\u00bb button_letter_spacing__hover_enabled=\u00bboff\u00bb button_one_letter_spacing__hover_enabled=\u00bboff\u00bb button_two_letter_spacing__hover_enabled=\u00bboff\u00bb button_bg_color__hover_enabled=\u00bboff\u00bb button_one_bg_color__hover_enabled=\u00bboff\u00bb button_two_bg_color__hover_enabled=\u00bboff\u00bb][\/et_pb_contact_field][et_pb_contact_field field_id=\u00bbEmail\u00bb field_title=\u00bbEmail*\u00bb field_type=\u00bbemail\u00bb _builder_version=\u00bb4.27.4&#8243; global_colors_info=\u00bb{}\u00bb button_text_size__hover_enabled=\u00bboff\u00bb button_one_text_size__hover_enabled=\u00bboff\u00bb button_two_text_size__hover_enabled=\u00bboff\u00bb button_text_color__hover_enabled=\u00bboff\u00bb button_one_text_color__hover_enabled=\u00bboff\u00bb button_two_text_color__hover_enabled=\u00bboff\u00bb button_border_width__hover_enabled=\u00bboff\u00bb button_one_border_width__hover_enabled=\u00bboff\u00bb button_two_border_width__hover_enabled=\u00bboff\u00bb button_border_color__hover_enabled=\u00bboff\u00bb button_one_border_color__hover_enabled=\u00bboff\u00bb button_two_border_color__hover_enabled=\u00bboff\u00bb button_border_radius__hover_enabled=\u00bboff\u00bb button_one_border_radius__hover_enabled=\u00bboff\u00bb button_two_border_radius__hover_enabled=\u00bboff\u00bb button_letter_spacing__hover_enabled=\u00bboff\u00bb button_one_letter_spacing__hover_enabled=\u00bboff\u00bb button_two_letter_spacing__hover_enabled=\u00bboff\u00bb button_bg_color__hover_enabled=\u00bboff\u00bb button_one_bg_color__hover_enabled=\u00bboff\u00bb button_two_bg_color__hover_enabled=\u00bboff\u00bb][\/et_pb_contact_field][et_pb_contact_field field_id=\u00bbTipo_de_Evento\u00bb field_title=\u00bbTipo de Evento\u00bb field_type=\u00bbselect\u00bb select_options=\u00bb%91{%22value%22:%22Boda%22,%22checked%22:0,%22dragID%22:-1},{%22value%22:%22Rodajes%22,%22checked%22:0,%22dragID%22:0},{%22value%22:%22Aperitivos de entregar %22,%22checked%22:0,%22dragID%22:1},{%22value%22:%22Comuni\u00f3n%22,%22checked%22:0,%22dragID%22:2},{%22value%22:%22Bautizo%22,%22checked%22:0,%22dragID%22:3},{%22value%22:%22Eventos Corporativos%22,%22checked%22:0,%22dragID%22:4},{%22value%22:%22Coffee Breaks%22,%22checked%22:0,%22dragID%22:5},{%22value%22:%22Otros%22,%22checked%22:0,%22dragID%22:6}%93&#8243; required_mark=\u00bboff\u00bb _builder_version=\u00bb4.27.4&#8243; global_colors_info=\u00bb{}\u00bb button_text_size__hover_enabled=\u00bboff\u00bb button_one_text_size__hover_enabled=\u00bboff\u00bb button_two_text_size__hover_enabled=\u00bboff\u00bb button_text_color__hover_enabled=\u00bboff\u00bb button_one_text_color__hover_enabled=\u00bboff\u00bb button_two_text_color__hover_enabled=\u00bboff\u00bb button_border_width__hover_enabled=\u00bboff\u00bb button_one_border_width__hover_enabled=\u00bboff\u00bb button_two_border_width__hover_enabled=\u00bboff\u00bb button_border_color__hover_enabled=\u00bboff\u00bb button_one_border_color__hover_enabled=\u00bboff\u00bb button_two_border_color__hover_enabled=\u00bboff\u00bb button_border_radius__hover_enabled=\u00bboff\u00bb button_one_border_radius__hover_enabled=\u00bboff\u00bb button_two_border_radius__hover_enabled=\u00bboff\u00bb button_letter_spacing__hover_enabled=\u00bboff\u00bb button_one_letter_spacing__hover_enabled=\u00bboff\u00bb button_two_letter_spacing__hover_enabled=\u00bboff\u00bb button_bg_color__hover_enabled=\u00bboff\u00bb button_one_bg_color__hover_enabled=\u00bboff\u00bb button_two_bg_color__hover_enabled=\u00bboff\u00bb][\/et_pb_contact_field][et_pb_contact_field field_id=\u00bbMensaje\u00bb field_title=\u00bbMensaje*\u00bb field_type=\u00bbtext\u00bb fullwidth_field=\u00bbon\u00bb _builder_version=\u00bb4.27.4&#8243; global_colors_info=\u00bb{}\u00bb button_text_size__hover_enabled=\u00bboff\u00bb button_one_text_size__hover_enabled=\u00bboff\u00bb button_two_text_size__hover_enabled=\u00bboff\u00bb button_text_color__hover_enabled=\u00bboff\u00bb button_one_text_color__hover_enabled=\u00bboff\u00bb button_two_text_color__hover_enabled=\u00bboff\u00bb button_border_width__hover_enabled=\u00bboff\u00bb button_one_border_width__hover_enabled=\u00bboff\u00bb button_two_border_width__hover_enabled=\u00bboff\u00bb button_border_color__hover_enabled=\u00bboff\u00bb button_one_border_color__hover_enabled=\u00bboff\u00bb button_two_border_color__hover_enabled=\u00bboff\u00bb button_border_radius__hover_enabled=\u00bboff\u00bb button_one_border_radius__hover_enabled=\u00bboff\u00bb button_two_border_radius__hover_enabled=\u00bboff\u00bb button_letter_spacing__hover_enabled=\u00bboff\u00bb button_one_letter_spacing__hover_enabled=\u00bboff\u00bb button_two_letter_spacing__hover_enabled=\u00bboff\u00bb button_bg_color__hover_enabled=\u00bboff\u00bb button_one_bg_color__hover_enabled=\u00bboff\u00bb button_two_bg_color__hover_enabled=\u00bboff\u00bb][\/et_pb_contact_field][\/et_pb_contact_form][\/et_pb_column][et_pb_column type=\u00bb1_3&#8243; _builder_version=\u00bb4.27.4&#8243; _module_preset=\u00bbdefault\u00bb global_colors_info=\u00bb{}\u00bb][et_pb_blurb title=\u00bbDirecci\u00f3n\u00bb use_icon=\u00bbon\u00bb font_icon=\u00bb&#xe081;||divi||400&#8243; icon_color=\u00bb#000000&#8243; image_icon_width=\u00bb24px\u00bb _builder_version=\u00bb4.27.4&#8243; _module_preset=\u00bb1933bd67-75e6-470b-af87-d94648850520&#8243; global_colors_info=\u00bb{}\u00bb]<\/p>\n<p>C\/La Laguna 15, San Isidro 38632 Granadilla de Abona Santa Cruz de Tenerife<\/p>\n<p>[\/et_pb_blurb][et_pb_blurb title=\u00bbTel\u00e9fono de Contacto\u00bb use_icon=\u00bbon\u00bb font_icon=\u00bb&#xe090;||divi||400&#8243; icon_color=\u00bb#000000&#8243; image_icon_width=\u00bb24px\u00bb _builder_version=\u00bb4.27.4&#8243; _module_preset=\u00bb1933bd67-75e6-470b-af87-d94648850520&#8243; global_colors_info=\u00bb{}\u00bb]<\/p>\n<p>+34 922 731 836<\/p>\n<p>[\/et_pb_blurb][et_pb_blurb title=\u00bbEmail\u00bb use_icon=\u00bbon\u00bb font_icon=\u00bb&#xf0e0;||fa||900&#8243; icon_color=\u00bb#000000&#8243; image_icon_width=\u00bb24px\u00bb _builder_version=\u00bb4.27.4&#8243; _module_preset=\u00bb1933bd67-75e6-470b-af87-d94648850520&#8243; hover_enabled=\u00bb0&#8243; global_colors_info=\u00bb{}\u00bb sticky_enabled=\u00bb0&#8243;]<\/p>\n<p><span style=\"color: #000000;\"><a href=\"mailto:info@gomeralia.com\" style=\"color: #000000;\">info@gomeralia.com<\/a><\/span><\/p>\n<p>[\/et_pb_blurb][\/et_pb_column][\/et_pb_row][\/et_pb_section]<\/p>\n","protected":false},"excerpt":{"rendered":"<p>Tienes algo en mente? Cu\u00e9ntanos tu idea, haznos una pregunta o simplemente dinos que tipo de servicio de catering est\u00e1s buscando. Estamos aqu\u00ed para ayudarte a crear algo delicioso!C\/La Laguna 15, San Isidro 38632 Granadilla de Abona Santa Cruz de Tenerife+34 922 731 836info@gomeralia.com<\/p>\n","protected":false},"author":1,"featured_media":0,"parent":0,"menu_order":0,"comment_status":"closed","ping_status":"closed","template":"","meta":{"_et_pb_use_builder":"on","_et_pb_old_content":"","_et_gb_content_width":"","_monsterinsights_skip_tracking":false,"_monsterinsights_sitenote_active":false,"_monsterinsights_sitenote_note":"","_monsterinsights_sitenote_category":0,"footnotes":""},"class_list":["post-251917","page","type-page","status-publish","hentry"],"aioseo_notices":[],"yoast_head":"<!-- This site is optimized with the Yoast SEO plugin v26.5 - https:\/\/yoast.com\/wordpress\/plugins\/seo\/ -->\n<title>Home - Gomeralia Catering Tenerife<\/title>\n<meta name=\"robots\" content=\"index, follow, max-snippet:-1, max-image-preview:large, max-video-preview:-1\" \/>\n<link rel=\"canonical\" href=\"https:\/\/gomeraliacatering.com\/\" \/>\n<meta property=\"og:locale\" content=\"es_ES\" \/>\n<meta property=\"og:type\" content=\"article\" \/>\n<meta property=\"og:title\" content=\"Home - Gomeralia Catering Tenerife\" \/>\n<meta property=\"og:description\" content=\"Tienes algo en mente? Cu\u00e9ntanos tu idea, haznos una pregunta o simplemente dinos que tipo de servicio de catering est\u00e1s buscando. Estamos aqu\u00ed para ayudarte a crear algo delicioso!C\/La Laguna 15, San Isidro 38632 Granadilla de Abona Santa Cruz de Tenerife+34 922 731 836info@gomeralia.com\" \/>\n<meta property=\"og:url\" content=\"https:\/\/gomeraliacatering.com\/\" \/>\n<meta property=\"og:site_name\" content=\"Gomeralia Catering Tenerife\" \/>\n<meta property=\"article:publisher\" content=\"https:\/\/www.facebook.com\/gomeralia\/?locale=es_ES\" \/>\n<meta property=\"article:modified_time\" content=\"2025-12-23T20:28:44+00:00\" \/>\n<meta name=\"twitter:card\" content=\"summary_large_image\" \/>\n<meta name=\"twitter:site\" content=\"@gomeralia\" \/>\n<meta name=\"twitter:label1\" content=\"Tiempo de lectura\" \/>\n\t<meta name=\"twitter:data1\" content=\"7 minutos\" \/>\n<script type=\"application\/ld+json\" class=\"yoast-schema-graph\">{\"@context\":\"https:\/\/schema.org\",\"@graph\":[{\"@type\":\"WebPage\",\"@id\":\"https:\/\/gomeraliacatering.com\/\",\"url\":\"https:\/\/gomeraliacatering.com\/\",\"name\":\"Home - Gomeralia Catering Tenerife\",\"isPartOf\":{\"@id\":\"https:\/\/gomeraliacatering.com\/#website\"},\"datePublished\":\"2025-06-28T18:54:05+00:00\",\"dateModified\":\"2025-12-23T20:28:44+00:00\",\"breadcrumb\":{\"@id\":\"https:\/\/gomeraliacatering.com\/#breadcrumb\"},\"inLanguage\":\"es\",\"potentialAction\":[{\"@type\":\"ReadAction\",\"target\":[\"https:\/\/gomeraliacatering.com\/\"]}]},{\"@type\":\"BreadcrumbList\",\"@id\":\"https:\/\/gomeraliacatering.com\/#breadcrumb\",\"itemListElement\":[{\"@type\":\"ListItem\",\"position\":1,\"name\":\"Portada\",\"item\":\"https:\/\/gomeraliacatering.com\/\"},{\"@type\":\"ListItem\",\"position\":2,\"name\":\"Home\"}]},{\"@type\":\"WebSite\",\"@id\":\"https:\/\/gomeraliacatering.com\/#website\",\"url\":\"https:\/\/gomeraliacatering.com\/\",\"name\":\"Gomeralia Catering Tenerife\",\"description\":\"Gomeralia catering bodas, eventos, mice y rodajes en Tenerife\",\"publisher\":{\"@id\":\"https:\/\/gomeraliacatering.com\/#organization\"},\"potentialAction\":[{\"@type\":\"SearchAction\",\"target\":{\"@type\":\"EntryPoint\",\"urlTemplate\":\"https:\/\/gomeraliacatering.com\/?s={search_term_string}\"},\"query-input\":{\"@type\":\"PropertyValueSpecification\",\"valueRequired\":true,\"valueName\":\"search_term_string\"}}],\"inLanguage\":\"es\"},{\"@type\":\"Organization\",\"@id\":\"https:\/\/gomeraliacatering.com\/#organization\",\"name\":\"Gomeralia Catering Tenerife\",\"url\":\"https:\/\/gomeraliacatering.com\/\",\"logo\":{\"@type\":\"ImageObject\",\"inLanguage\":\"es\",\"@id\":\"https:\/\/gomeraliacatering.com\/#\/schema\/logo\/image\/\",\"url\":\"https:\/\/gomeraliacatering.com\/wp-content\/uploads\/2024\/01\/Captura-de-pantalla-2024-01-21-a-las-15.45.29.png\",\"contentUrl\":\"https:\/\/gomeraliacatering.com\/wp-content\/uploads\/2024\/01\/Captura-de-pantalla-2024-01-21-a-las-15.45.29.png\",\"width\":525,\"height\":213,\"caption\":\"Gomeralia Catering Tenerife\"},\"image\":{\"@id\":\"https:\/\/gomeraliacatering.com\/#\/schema\/logo\/image\/\"},\"sameAs\":[\"https:\/\/www.facebook.com\/gomeralia\/?locale=es_ES\",\"https:\/\/x.com\/gomeralia\",\"https:\/\/www.instagram.com\/gomeralia\/\"]}]}<\/script>\n<!-- \/ Yoast SEO plugin. -->","yoast_head_json":{"title":"Home - Gomeralia Catering Tenerife","robots":{"index":"index","follow":"follow","max-snippet":"max-snippet:-1","max-image-preview":"max-image-preview:large","max-video-preview":"max-video-preview:-1"},"canonical":"https:\/\/gomeraliacatering.com\/","og_locale":"es_ES","og_type":"article","og_title":"Home - Gomeralia Catering Tenerife","og_description":"Tienes algo en mente? Cu\u00e9ntanos tu idea, haznos una pregunta o simplemente dinos que tipo de servicio de catering est\u00e1s buscando. Estamos aqu\u00ed para ayudarte a crear algo delicioso!C\/La Laguna 15, San Isidro 38632 Granadilla de Abona Santa Cruz de Tenerife+34 922 731 836info@gomeralia.com","og_url":"https:\/\/gomeraliacatering.com\/","og_site_name":"Gomeralia Catering Tenerife","article_publisher":"https:\/\/www.facebook.com\/gomeralia\/?locale=es_ES","article_modified_time":"2025-12-23T20:28:44+00:00","twitter_card":"summary_large_image","twitter_site":"@gomeralia","twitter_misc":{"Tiempo de lectura":"7 minutos"},"schema":{"@context":"https:\/\/schema.org","@graph":[{"@type":"WebPage","@id":"https:\/\/gomeraliacatering.com\/","url":"https:\/\/gomeraliacatering.com\/","name":"Home - Gomeralia Catering Tenerife","isPartOf":{"@id":"https:\/\/gomeraliacatering.com\/#website"},"datePublished":"2025-06-28T18:54:05+00:00","dateModified":"2025-12-23T20:28:44+00:00","breadcrumb":{"@id":"https:\/\/gomeraliacatering.com\/#breadcrumb"},"inLanguage":"es","potentialAction":[{"@type":"ReadAction","target":["https:\/\/gomeraliacatering.com\/"]}]},{"@type":"BreadcrumbList","@id":"https:\/\/gomeraliacatering.com\/#breadcrumb","itemListElement":[{"@type":"ListItem","position":1,"name":"Portada","item":"https:\/\/gomeraliacatering.com\/"},{"@type":"ListItem","position":2,"name":"Home"}]},{"@type":"WebSite","@id":"https:\/\/gomeraliacatering.com\/#website","url":"https:\/\/gomeraliacatering.com\/","name":"Gomeralia Catering Tenerife","description":"Gomeralia catering bodas, eventos, mice y rodajes en Tenerife","publisher":{"@id":"https:\/\/gomeraliacatering.com\/#organization"},"potentialAction":[{"@type":"SearchAction","target":{"@type":"EntryPoint","urlTemplate":"https:\/\/gomeraliacatering.com\/?s={search_term_string}"},"query-input":{"@type":"PropertyValueSpecification","valueRequired":true,"valueName":"search_term_string"}}],"inLanguage":"es"},{"@type":"Organization","@id":"https:\/\/gomeraliacatering.com\/#organization","name":"Gomeralia Catering Tenerife","url":"https:\/\/gomeraliacatering.com\/","logo":{"@type":"ImageObject","inLanguage":"es","@id":"https:\/\/gomeraliacatering.com\/#\/schema\/logo\/image\/","url":"https:\/\/gomeraliacatering.com\/wp-content\/uploads\/2024\/01\/Captura-de-pantalla-2024-01-21-a-las-15.45.29.png","contentUrl":"https:\/\/gomeraliacatering.com\/wp-content\/uploads\/2024\/01\/Captura-de-pantalla-2024-01-21-a-las-15.45.29.png","width":525,"height":213,"caption":"Gomeralia Catering Tenerife"},"image":{"@id":"https:\/\/gomeraliacatering.com\/#\/schema\/logo\/image\/"},"sameAs":["https:\/\/www.facebook.com\/gomeralia\/?locale=es_ES","https:\/\/x.com\/gomeralia","https:\/\/www.instagram.com\/gomeralia\/"]}]}},"_links":{"self":[{"href":"https:\/\/gomeraliacatering.com\/index.php\/wp-json\/wp\/v2\/pages\/251917","targetHints":{"allow":["GET"]}}],"collection":[{"href":"https:\/\/gomeraliacatering.com\/index.php\/wp-json\/wp\/v2\/pages"}],"about":[{"href":"https:\/\/gomeraliacatering.com\/index.php\/wp-json\/wp\/v2\/types\/page"}],"author":[{"embeddable":true,"href":"https:\/\/gomeraliacatering.com\/index.php\/wp-json\/wp\/v2\/users\/1"}],"replies":[{"embeddable":true,"href":"https:\/\/gomeraliacatering.com\/index.php\/wp-json\/wp\/v2\/comments?post=251917"}],"version-history":[{"count":6,"href":"https:\/\/gomeraliacatering.com\/index.php\/wp-json\/wp\/v2\/pages\/251917\/revisions"}],"predecessor-version":[{"id":252038,"href":"https:\/\/gomeraliacatering.com\/index.php\/wp-json\/wp\/v2\/pages\/251917\/revisions\/252038"}],"wp:attachment":[{"href":"https:\/\/gomeraliacatering.com\/index.php\/wp-json\/wp\/v2\/media?parent=251917"}],"curies":[{"name":"wp","href":"https:\/\/api.w.org\/{rel}","templated":true}]}}